{"id":1502,"date":"2024-08-15T02:07:33","date_gmt":"2024-08-15T02:07:33","guid":{"rendered":"https:\/\/arquidiocesedeteresina.org.br\/campanhas\/?page_id=1502"},"modified":"2024-08-15T02:15:29","modified_gmt":"2024-08-15T02:15:29","slug":"cadastro-fas","status":"publish","type":"page","link":"https:\/\/arquidiocesedeteresina.org.br\/campanhas\/cadastro-fas\/","title":{"rendered":"cadastro-fas"},"content":{"rendered":"\t\t<div data-elementor-type=\"wp-page\" data-elementor-id=\"1502\" class=\"elementor elementor-1502\" data-elementor-post-type=\"page\">\n\t\t\t\t<div class=\"elementor-element elementor-element-8e949d5 e-flex e-con-boxed e-con e-parent\" data-id=\"8e949d5\" data-element_type=\"container\" data-settings=\"{&quot;background_background&quot;:&quot;classic&quot;}\">\n\t\t\t\t\t<div class=\"e-con-inner\">\n\t\t\t\t\t<\/div>\n\t\t\t\t<\/div>\n\t\t<div class=\"elementor-element elementor-element-8b7f434 e-flex e-con-boxed e-con e-parent\" data-id=\"8b7f434\" data-element_type=\"container\">\n\t\t\t\t\t<div class=\"e-con-inner\">\n\t\t\t\t<div class=\"elementor-element elementor-element-4c3cc7c elementor-widget elementor-widget-image\" data-id=\"4c3cc7c\" data-element_type=\"widget\" data-widget_type=\"image.default\">\n\t\t\t\t<div class=\"elementor-widget-container\">\n\t\t\t\t\t\t\t\t\t\t\t\t\t\t\t<img fetchpriority=\"high\" decoding=\"async\" width=\"768\" height=\"512\" src=\"https:\/\/arquidiocesedeteresina.org.br\/campanhas\/wp-content\/uploads\/2024\/01\/Fundo-diocesano-de-solidariedade-768x512.png\" class=\"attachment-medium_large size-medium_large wp-image-1407\" alt=\"\" srcset=\"https:\/\/arquidiocesedeteresina.org.br\/campanhas\/wp-content\/uploads\/2024\/01\/Fundo-diocesano-de-solidariedade-768x512.png 768w, https:\/\/arquidiocesedeteresina.org.br\/campanhas\/wp-content\/uploads\/2024\/01\/Fundo-diocesano-de-solidariedade-300x200.png 300w, https:\/\/arquidiocesedeteresina.org.br\/campanhas\/wp-content\/uploads\/2024\/01\/Fundo-diocesano-de-solidariedade-1024x683.png 1024w, https:\/\/arquidiocesedeteresina.org.br\/campanhas\/wp-content\/uploads\/2024\/01\/Fundo-diocesano-de-solidariedade-1536x1024.png 1536w, https:\/\/arquidiocesedeteresina.org.br\/campanhas\/wp-content\/uploads\/2024\/01\/Fundo-diocesano-de-solidariedade-2048x1366.png 2048w\" sizes=\"(max-width: 768px) 100vw, 768px\" \/>\t\t\t\t\t\t\t\t\t\t\t\t\t\t\t<\/div>\n\t\t\t\t<\/div>\n\t\t\t\t\t<\/div>\n\t\t\t\t<\/div>\n\t\t<div class=\"elementor-element elementor-element-1e71a5a e-flex e-con-boxed e-con e-parent\" data-id=\"1e71a5a\" data-element_type=\"container\">\n\t\t\t\t\t<div class=\"e-con-inner\">\n\t\t\t\t<div class=\"elementor-element elementor-element-19c6e45 elementor-widget elementor-widget-heading\" data-id=\"19c6e45\" data-element_type=\"widget\" data-widget_type=\"heading.default\">\n\t\t\t\t<div class=\"elementor-widget-container\">\n\t\t\t\t\t<h2 class=\"elementor-heading-title elementor-size-default\">Cadastro de projeto para o Fundo Arquidiocesano de Solidariedade<\/h2>\t\t\t\t<\/div>\n\t\t\t\t<\/div>\n\t\t\t\t<div class=\"elementor-element elementor-element-eb88463 elementor-widget elementor-widget-wp-widget-wpforms-widget\" data-id=\"eb88463\" data-element_type=\"widget\" data-widget_type=\"wp-widget-wpforms-widget.default\">\n\t\t\t\t<div class=\"elementor-widget-container\">\n\t\t\t\t\t<div class=\"wpforms-container wpforms-render-modern\" id=\"wpforms-1438\"><form id=\"wpforms-form-1438\" class=\"wpforms-validate wpforms-form\" data-formid=\"1438\" method=\"post\" enctype=\"multipart\/form-data\" action=\"\/campanhas\/wp-json\/wp\/v2\/pages\/1502?wpforms_form_id=1438\" data-token=\"a6c47731052781a3d9357bc69a33e2db\" data-token-time=\"1776962464\"><noscript class=\"wpforms-error-noscript\">Ative o JavaScript no seu navegador para preencher este formul\u00e1rio.<\/noscript><div class=\"wpforms-hidden\" id=\"wpforms-error-noscript\">Ative o JavaScript no seu navegador para preencher este formul\u00e1rio.<\/div><div class=\"wpforms-field-container\"><div id=\"wpforms-1438-field_0-container\" class=\"wpforms-field wpforms-field-text\" data-field-id=\"0\"><label class=\"wpforms-field-label\" for=\"wpforms-1438-field_0\">Institui\u00e7\u00e3o Benefici\u00e1ria <span class=\"wpforms-required-label\" aria-hidden=\"true\">*<\/span><\/label><input type=\"text\" id=\"wpforms-1438-field_0\" class=\"wpforms-field-large wpforms-field-required\" name=\"wpforms[fields][0]\" aria-errormessage=\"wpforms-1438-field_0-error\" required><\/div><div id=\"wpforms-1438-field_1-container\" class=\"wpforms-field wpforms-field-text\" data-field-id=\"1\"><label class=\"wpforms-field-label\" for=\"wpforms-1438-field_1\">Nome Completo do Representante Legal <span class=\"wpforms-required-label\" aria-hidden=\"true\">*<\/span><\/label><input type=\"text\" id=\"wpforms-1438-field_1\" class=\"wpforms-field-large wpforms-field-required\" name=\"wpforms[fields][1]\" aria-errormessage=\"wpforms-1438-field_1-error\" required><\/div><div id=\"wpforms-1438-field_7-container\" class=\"wpforms-field wpforms-field-address\" data-field-id=\"7\"><fieldset><legend class=\"wpforms-field-label\">Endere\u00e7o<\/legend><div class=\"wpforms-field-row wpforms-field-medium\"><div ><input type=\"text\" id=\"wpforms-1438-field_7\" class=\"wpforms-field-address-address1\" name=\"wpforms[fields][7][address1]\" aria-errormessage=\"wpforms-1438-field_7-error\" ><label for=\"wpforms-1438-field_7\" class=\"wpforms-field-sublabel after\">Endere\u00e7o linha 1<\/label><\/div><\/div><div class=\"wpforms-field-row wpforms-field-medium\"><div class=\"wpforms-field-row-block wpforms-one-half wpforms-first\"><input type=\"text\" id=\"wpforms-1438-field_7-city\" class=\"wpforms-field-address-city\" name=\"wpforms[fields][7][city]\" aria-errormessage=\"wpforms-1438-field_7-city-error\" ><label for=\"wpforms-1438-field_7-city\" class=\"wpforms-field-sublabel after\">Cidade<\/label><\/div><div class=\"wpforms-field-row-block wpforms-one-half\"><input type=\"text\" id=\"wpforms-1438-field_7-state\" class=\"wpforms-field-address-state\" name=\"wpforms[fields][7][state]\" aria-errormessage=\"wpforms-1438-field_7-state-error\" ><label for=\"wpforms-1438-field_7-state\" class=\"wpforms-field-sublabel after\">Estado<\/label><\/div><\/div><div class=\"wpforms-field-row wpforms-field-medium\"><div class=\"wpforms-field-row-block wpforms-one-half wpforms-first\"><input type=\"text\" id=\"wpforms-1438-field_7-postal\" class=\"wpforms-field-address-postal\" name=\"wpforms[fields][7][postal]\" aria-errormessage=\"wpforms-1438-field_7-postal-error\" ><label for=\"wpforms-1438-field_7-postal\" class=\"wpforms-field-sublabel after\">C\u00f3digo Postal<\/label><\/div><\/div><\/fieldset><\/div><div id=\"wpforms-1438-field_3-container\" class=\"wpforms-field wpforms-field-phone\" data-field-id=\"3\"><label class=\"wpforms-field-label\" for=\"wpforms-1438-field_3\">Telefone<\/label><input type=\"tel\" id=\"wpforms-1438-field_3\" class=\"wpforms-field-medium wpforms-smart-phone-field\" data-rule-smart-phone-field=\"true\" name=\"wpforms[fields][3]\" aria-errormessage=\"wpforms-1438-field_3-error\" ><\/div><div id=\"wpforms-1438-field_5-container\" class=\"wpforms-field wpforms-field-email\" data-field-id=\"5\"><label class=\"wpforms-field-label\" for=\"wpforms-1438-field_5\">Email <span class=\"wpforms-required-label\" aria-hidden=\"true\">*<\/span><\/label><input type=\"email\" id=\"wpforms-1438-field_5\" class=\"wpforms-field-medium wpforms-field-required\" name=\"wpforms[fields][5]\" spellcheck=\"false\" aria-errormessage=\"wpforms-1438-field_5-error\" required><\/div><div id=\"wpforms-1438-field_8-container\" class=\"wpforms-field wpforms-field-divider\" data-field-id=\"8\"><h3 id=\"wpforms-1438-field_8\" aria-errormessage=\"wpforms-1438-field_8-error\">Projeto<\/h3><\/div><div id=\"wpforms-1438-field_9-container\" class=\"wpforms-field wpforms-field-text\" data-field-id=\"9\"><label class=\"wpforms-field-label\" for=\"wpforms-1438-field_9\">T\u00cdTULO DO PROJETO <span class=\"wpforms-required-label\" aria-hidden=\"true\">*<\/span><\/label><input type=\"text\" id=\"wpforms-1438-field_9\" class=\"wpforms-field-medium wpforms-field-required\" name=\"wpforms[fields][9]\" aria-errormessage=\"wpforms-1438-field_9-error\" required><\/div><div id=\"wpforms-1438-field_10-container\" class=\"wpforms-field wpforms-field-textarea\" data-field-id=\"10\"><label class=\"wpforms-field-label\" for=\"wpforms-1438-field_10\">APRESENTA\u00c7\u00c3O SINT\u00c9TICA DO PROJETO <span class=\"wpforms-required-label\" aria-hidden=\"true\">*<\/span><\/label><textarea id=\"wpforms-1438-field_10\" class=\"wpforms-field-medium wpforms-field-required\" name=\"wpforms[fields][10]\" aria-errormessage=\"wpforms-1438-field_10-error\" required><\/textarea><\/div><div id=\"wpforms-1438-field_11-container\" class=\"wpforms-field wpforms-field-textarea\" data-field-id=\"11\"><label class=\"wpforms-field-label\" for=\"wpforms-1438-field_11\">JUSTIFICATIVA <span class=\"wpforms-required-label\" aria-hidden=\"true\">*<\/span><\/label><textarea id=\"wpforms-1438-field_11\" class=\"wpforms-field-medium wpforms-field-required\" name=\"wpforms[fields][11]\" aria-errormessage=\"wpforms-1438-field_11-error\" required><\/textarea><\/div><div id=\"wpforms-1438-field_12-container\" class=\"wpforms-field wpforms-field-textarea\" data-field-id=\"12\"><label class=\"wpforms-field-label\" for=\"wpforms-1438-field_12\">OBJETIVOS <span class=\"wpforms-required-label\" aria-hidden=\"true\">*<\/span><\/label><textarea id=\"wpforms-1438-field_12\" class=\"wpforms-field-medium wpforms-field-required\" name=\"wpforms[fields][12]\" aria-errormessage=\"wpforms-1438-field_12-error\" required><\/textarea><\/div><div id=\"wpforms-1438-field_13-container\" class=\"wpforms-field wpforms-field-textarea\" data-field-id=\"13\"><label class=\"wpforms-field-label\" for=\"wpforms-1438-field_13\">METODOLOGIA <span class=\"wpforms-required-label\" aria-hidden=\"true\">*<\/span><\/label><textarea id=\"wpforms-1438-field_13\" class=\"wpforms-field-medium wpforms-field-required\" name=\"wpforms[fields][13]\" aria-errormessage=\"wpforms-1438-field_13-error\" required><\/textarea><\/div><div id=\"wpforms-1438-field_6-container\" class=\"wpforms-field wpforms-field-file-upload\" data-field-id=\"6\"><label class=\"wpforms-field-label\" for=\"wpforms-1438-field_6\">Envio de arquivo do projeto <\/label><div\n\t\tclass=\"wpforms-uploader\"\n\t\tdata-field-id=\"6\"\n\t\tdata-form-id=\"1438\"\n\t\tdata-input-name=\"wpforms_1438_6\"\n\t\tdata-extensions=\"pdf\"\n\t\tdata-max-size=\"536870912\"\n\t\tdata-max-file-number=\"1\"\n\t\tdata-post-max-size=\"536870912\"\n\t\tdata-max-parallel-uploads=\"4\"\n\t\tdata-parallel-uploads=\"true\"\n\t\tdata-file-chunk-size=\"2097152\">\n\t<div class=\"dz-message\">\n\t\t<svg viewBox=\"0 0 1024 1024\" focusable=\"false\" data-icon=\"inbox\" width=\"50px\" height=\"50px\" fill=\"currentColor\" aria-hidden=\"true\">\n\t\t\t<path d=\"M885.2 446.3l-.2-.8-112.2-285.1c-5-16.1-19.9-27.2-36.8-27.2H281.2c-17 0-32.1 11.3-36.9 27.6L139.4 443l-.3.7-.2.8c-1.3 4.9-1.7 9.9-1 14.8-.1 1.6-.2 3.2-.2 4.8V830a60.9 60.9 0 0 0 60.8 60.8h627.2c33.5 0 60.8-27.3 60.9-60.8V464.1c0-1.3 0-2.6-.1-3.7.4-4.9 0-9.6-1.3-14.1zm-295.8-43l-.3 15.7c-.8 44.9-31.8 75.1-77.1 75.1-22.1 0-41.1-7.1-54.8-20.6S436 441.2 435.6 419l-.3-15.7H229.5L309 210h399.2l81.7 193.3H589.4zm-375 76.8h157.3c24.3 57.1 76 90.8 140.4 90.8 33.7 0 65-9.4 90.3-27.2 22.2-15.6 39.5-37.4 50.7-63.6h156.5V814H214.4V480.1z\"><\/path>\n\t\t<\/svg>\n\t\t<span class=\"modern-title\">Clique ou arraste um arquivo para esta \u00e1rea para fazer upload.<\/span>\n\n\t\t\t<\/div>\n<\/div>\n<input\n\t\ttype=\"text\"\n\t\tautocomplete=\"off\"\n\t\treadonly\n\t\tclass=\"dropzone-input\"\n\t\tstyle=\"position:absolute!important;clip:rect(0,0,0,0)!important;height:1px!important;width:1px!important;border:0!important;overflow:hidden!important;padding:0!important;margin:0!important;\"\n\t\tid=\"wpforms-1438-field_6\"\n\t\tname=\"wpforms_1438_6\" \t\tvalue=\"\">\n<\/div><\/div><!-- .wpforms-field-container --><div class=\"wpforms-submit-container\" ><input type=\"hidden\" name=\"wpforms[id]\" value=\"1438\"><input type=\"hidden\" name=\"page_title\" value=\"\"><input type=\"hidden\" name=\"page_url\" value=\"https:\/\/arquidiocesedeteresina.org.br\/campanhas\/wp-json\/wp\/v2\/pages\/1502\"><button type=\"submit\" name=\"wpforms[submit]\" id=\"wpforms-submit-1438\" class=\"wpforms-submit\" aria-live=\"assertive\" value=\"wpforms-submit\">Submit<\/button><\/div><\/form><\/div>  <!-- .wpforms-container -->\t\t\t\t<\/div>\n\t\t\t\t<\/div>\n\t\t\t\t\t<\/div>\n\t\t\t\t<\/div>\n\t\t<div class=\"elementor-element elementor-element-19aede0 e-flex e-con-boxed e-con e-parent\" data-id=\"19aede0\" data-element_type=\"container\">\n\t\t\t\t\t<div class=\"e-con-inner\">\n\t\t\t\t<div class=\"elementor-element elementor-element-ec26f44 elementor-widget elementor-widget-text-editor\" data-id=\"ec26f44\" data-element_type=\"widget\" data-widget_type=\"text-editor.default\">\n\t\t\t\t<div class=\"elementor-widget-container\">\n\t\t\t\t\t\t\t\t\t<p>Obs.: Ao concluir o envio, aguarde o contato da Coordena\u00e7\u00e3o de Campanhas da Arquidiocese de Teresina atrav\u00e9s dos contatos enviados no formul\u00e1rio de cadastro. Qualquer d\u00favida, entre em contato atrav\u00e9s do e-mail:&nbsp;fasteresina@hotmail.com<\/p>\t\t\t\t\t\t\t\t<\/div>\n\t\t\t\t<\/div>\n\t\t\t\t\t<\/div>\n\t\t\t\t<\/div>\n\t\t\t\t<\/div>\n\t\t","protected":false},"excerpt":{"rendered":"<p>Cadastro de projeto para o Fundo Arquidiocesano de Solidariedade Obs.: Ao concluir o envio, aguarde o contato da Coordena\u00e7\u00e3o de Campanhas da Arquidiocese de Teresina atrav\u00e9s dos contatos enviados no formul\u00e1rio de cadastro. Qualquer d\u00favida, entre em contato atrav\u00e9s do e-mail:&nbsp;fasteresina@hotmail.com<\/p>\n","protected":false},"author":1,"featured_media":0,"parent":0,"menu_order":0,"comment_status":"closed","ping_status":"closed","template":"","meta":{"site-sidebar-layout":"no-sidebar","site-content-layout":"page-builder","ast-site-content-layout":"full-width-container","site-content-style":"default","site-sidebar-style":"default","ast-global-header-display":"","ast-banner-title-visibility":"","ast-main-header-display":"","ast-hfb-above-header-display":"","ast-hfb-below-header-display":"","ast-hfb-mobile-header-display":"","site-post-title":"disabled","ast-breadcrumbs-content":"","ast-featured-img":"disabled","footer-sml-layout":"","theme-transparent-header-meta":"","adv-header-id-meta":"","stick-header-meta":"","header-above-stick-meta":"","header-main-stick-meta":"","header-below-stick-meta":"","astra-migrate-meta-layouts":"","ast-page-background-enabled":"default","ast-page-background-meta":{"desktop":{"background-color":"var(--ast-global-color-4)","background-image":"","background-repeat":"repeat","background-position":"center center","background-size":"auto","background-attachment":"scroll","background-type":"","background-media":"","overlay-type":"","overlay-color":"","overlay-gradient":""},"tablet":{"background-color":"","background-image":"","background-repeat":"repeat","background-position":"center center","background-size":"auto","background-attachment":"scroll","background-type":"","background-media":"","overlay-type":"","overlay-color":"","overlay-gradient":""},"mobile":{"background-color":"","background-image":"","background-repeat":"repeat","background-position":"center center","background-size":"auto","background-attachment":"scroll","background-type":"","background-media":"","overlay-type":"","overlay-color":"","overlay-gradient":""}},"ast-content-background-meta":{"desktop":{"background-color":"var(--ast-global-color-5)","background-image":"","background-repeat":"repeat","background-position":"center center","background-size":"auto","background-attachment":"scroll","background-type":"","background-media":"","overlay-type":"","overlay-color":"","overlay-gradient":""},"tablet":{"background-color":"var(--ast-global-color-5)","background-image":"","background-repeat":"repeat","background-position":"center center","background-size":"auto","background-attachment":"scroll","background-type":"","background-media":"","overlay-type":"","overlay-color":"","overlay-gradient":""},"mobile":{"background-color":"var(--ast-global-color-5)","background-image":"","background-repeat":"repeat","background-position":"center center","background-size":"auto","background-attachment":"scroll","background-type":"","background-media":"","overlay-type":"","overlay-color":"","overlay-gradient":""}},"footnotes":""},"class_list":["post-1502","page","type-page","status-publish","hentry"],"_links":{"self":[{"href":"https:\/\/arquidiocesedeteresina.org.br\/campanhas\/wp-json\/wp\/v2\/pages\/1502","targetHints":{"allow":["GET"]}}],"collection":[{"href":"https:\/\/arquidiocesedeteresina.org.br\/campanhas\/wp-json\/wp\/v2\/pages"}],"about":[{"href":"https:\/\/arquidiocesedeteresina.org.br\/campanhas\/wp-json\/wp\/v2\/types\/page"}],"author":[{"embeddable":true,"href":"https:\/\/arquidiocesedeteresina.org.br\/campanhas\/wp-json\/wp\/v2\/users\/1"}],"replies":[{"embeddable":true,"href":"https:\/\/arquidiocesedeteresina.org.br\/campanhas\/wp-json\/wp\/v2\/comments?post=1502"}],"version-history":[{"count":3,"href":"https:\/\/arquidiocesedeteresina.org.br\/campanhas\/wp-json\/wp\/v2\/pages\/1502\/revisions"}],"predecessor-version":[{"id":1505,"href":"https:\/\/arquidiocesedeteresina.org.br\/campanhas\/wp-json\/wp\/v2\/pages\/1502\/revisions\/1505"}],"wp:attachment":[{"href":"https:\/\/arquidiocesedeteresina.org.br\/campanhas\/wp-json\/wp\/v2\/media?parent=1502"}],"curies":[{"name":"wp","href":"https:\/\/api.w.org\/{rel}","templated":true}]}}