{"id":1450,"date":"2024-08-06T13:58:58","date_gmt":"2024-08-06T13:58:58","guid":{"rendered":"https:\/\/arquidiocesedeteresina.org.br\/campanhas\/?page_id=1450"},"modified":"2025-07-09T14:16:06","modified_gmt":"2025-07-09T14:16:06","slug":"fas","status":"publish","type":"page","link":"https:\/\/arquidiocesedeteresina.org.br\/campanhas\/fas\/","title":{"rendered":"FUNDO ARQUIDIOCESANO DE SOLIDARIEDADE"},"content":{"rendered":"\t\t<div data-elementor-type=\"wp-page\" data-elementor-id=\"1450\" class=\"elementor elementor-1450\" data-elementor-post-type=\"page\">\n\t\t\t\t<div class=\"elementor-element elementor-element-9dff32a e-flex e-con-boxed e-con e-parent\" data-id=\"9dff32a\" data-element_type=\"container\" data-settings=\"{&quot;background_background&quot;:&quot;classic&quot;}\">\n\t\t\t\t\t<div class=\"e-con-inner\">\n\t\t\t\t\t<\/div>\n\t\t\t\t<\/div>\n\t\t<div class=\"elementor-element elementor-element-d406d68 e-con-full e-flex e-con e-parent\" data-id=\"d406d68\" data-element_type=\"container\">\n\t\t<div class=\"elementor-element elementor-element-2000a74 e-con-full e-flex e-con e-child\" data-id=\"2000a74\" data-element_type=\"container\" data-settings=\"{&quot;background_background&quot;:&quot;classic&quot;}\">\n\t\t\t\t<div class=\"elementor-element elementor-element-633a232 elementor-widget elementor-widget-image\" data-id=\"633a232\" data-element_type=\"widget\" data-widget_type=\"image.default\">\n\t\t\t\t<div class=\"elementor-widget-container\">\n\t\t\t\t\t\t\t\t\t\t\t\t\t\t\t<img fetchpriority=\"high\" decoding=\"async\" width=\"704\" height=\"469\" src=\"https:\/\/arquidiocesedeteresina.org.br\/campanhas\/wp-content\/uploads\/2025\/03\/FUNDO-DE-SOLIDARIEDADE.png\" class=\"attachment-medium_large size-medium_large wp-image-1545\" alt=\"\" srcset=\"https:\/\/arquidiocesedeteresina.org.br\/campanhas\/wp-content\/uploads\/2025\/03\/FUNDO-DE-SOLIDARIEDADE.png 704w, https:\/\/arquidiocesedeteresina.org.br\/campanhas\/wp-content\/uploads\/2025\/03\/FUNDO-DE-SOLIDARIEDADE-300x200.png 300w\" sizes=\"(max-width: 704px) 100vw, 704px\" \/>\t\t\t\t\t\t\t\t\t\t\t\t\t\t\t<\/div>\n\t\t\t\t<\/div>\n\t\t<div class=\"elementor-element elementor-element-8967799 e-flex e-con-boxed e-con e-child\" data-id=\"8967799\" data-element_type=\"container\" data-settings=\"{&quot;background_background&quot;:&quot;classic&quot;}\">\n\t\t\t\t\t<div class=\"e-con-inner\">\n\t\t\t\t<div class=\"elementor-element elementor-element-27ed599 elementor-widget elementor-widget-heading\" data-id=\"27ed599\" data-element_type=\"widget\" data-widget_type=\"heading.default\">\n\t\t\t\t<div class=\"elementor-widget-container\">\n\t\t\t\t\t<span class=\"elementor-heading-title elementor-size-default\">FUNDO ARQUDIOCESANO DE SOLIDARIEDADE DA \nARQUIDIOCESE DE TERESINA<\/span>\t\t\t\t<\/div>\n\t\t\t\t<\/div>\n\t\t\t\t\t<\/div>\n\t\t\t\t<\/div>\n\t\t\t\t<div class=\"elementor-element elementor-element-da27e6e elementor-widget elementor-widget-text-editor\" data-id=\"da27e6e\" data-element_type=\"widget\" data-widget_type=\"text-editor.default\">\n\t\t\t\t<div class=\"elementor-widget-container\">\n\t\t\t\t\t\t\t\t\t<p>O Fundo Arquidiocesano de Solidariedade (FAS) \u00e9 o fundo criado a princ\u00edpio pela Confer\u00eancia Nacional dos Bispos do Brasil (CNBB), reunida em Itaici-SP, na 36\u00aa Assembleia Geral, em 1998. Ele tem por objetivo promover a sustenta\u00e7\u00e3o da a\u00e7\u00e3o s\u00f3cio caritativa da Igreja no Brasil, atrav\u00e9s do aux\u00edlio financeiro a projetos sociais em todo o territ\u00f3rio brasileiro, de acordo com o tema da Campanha da Fraternidade vigente. Com o mesmo objetivo, foram criados tamb\u00e9m os Fundos (Arqui)Diocesanos de Solidariedade (FDS ou FAS). Seus recursos prov\u00eam da Coleta da Nacional da Solidariedade, realizada em todas as comunidades cat\u00f3licas do Brasil, no Domingo de Ramos, como gesto concreto da Campanha da Fraternidade e partilha das nossas ren\u00fancias quaresmais. A destina\u00e7\u00e3o da Coleta \u00e9 feita da seguinte forma: 60% do total arrecadado permanece nas (arqui)dioceses e constituem o Fundo (Arqui)Diocesano de Solidariedade (FDS ou FAS), que \u00e9 gerido pela pr\u00f3pria (arqui)diocese, em vista de sua aplica\u00e7\u00e3o nas a\u00e7\u00f5es e projetos sociais estabelecidos dentro do territ\u00f3rio (arqui)diocesano. 40% do total arrecadado \u00e9 enviado \u00e0 CNBB e constitui o Fundo Nacional de Solidariedade (FNS), que \u00e9 gerido pelo seu Conselho Gestor, com o aux\u00edlio dos Departamentos Social e Financeiro da CNBB, e aplicado em a\u00e7\u00f5es e projetos sociais presentes em todo o territ\u00f3rio brasileiro. A aplica\u00e7\u00e3o dos recursos obedece rigorosamente aos eixos estabelecidos no Edital anual, bem como aos aspectos t\u00e9cnicos, administrativos e jur\u00eddicos, conforme a legisla\u00e7\u00e3o brasileira.<\/p>\t\t\t\t\t\t\t\t<\/div>\n\t\t\t\t<\/div>\n\t\t\t\t<\/div>\n\t\t<div class=\"elementor-element elementor-element-7ed42f9 e-con-full e-flex e-con e-child\" data-id=\"7ed42f9\" data-element_type=\"container\" data-settings=\"{&quot;background_background&quot;:&quot;classic&quot;}\">\n\t\t<div class=\"elementor-element elementor-element-d0bceb2 e-flex e-con-boxed e-con e-child\" data-id=\"d0bceb2\" data-element_type=\"container\">\n\t\t\t\t\t<div class=\"e-con-inner\">\n\t\t\t\t<div class=\"elementor-element elementor-element-1da9eaa elementor-align-center elementor-widget elementor-widget-button\" data-id=\"1da9eaa\" data-element_type=\"widget\" data-widget_type=\"button.default\">\n\t\t\t\t<div class=\"elementor-widget-container\">\n\t\t\t\t\t\t\t\t\t<div class=\"elementor-button-wrapper\">\n\t\t\t\t\t<a class=\"elementor-button elementor-button-link elementor-size-md\" href=\"https:\/\/arquidiocesedeteresina.org.br\/campanhas\/wp-content\/uploads\/2024\/08\/GUIA-DE-CADASTRAMENTO-DE-ENTIDADES-E-PROJETOS-FAS-TIMBRADO.pdf\">\n\t\t\t\t\t\t<span class=\"elementor-button-content-wrapper\">\n\t\t\t\t\t\t\t\t\t<span class=\"elementor-button-text\">GUIA DE CADASTRAMENTO<\/span>\n\t\t\t\t\t<\/span>\n\t\t\t\t\t<\/a>\n\t\t\t\t<\/div>\n\t\t\t\t\t\t\t\t<\/div>\n\t\t\t\t<\/div>\n\t\t\t\t<div class=\"elementor-element elementor-element-abdd4bf elementor-align-center elementor-widget elementor-widget-button\" data-id=\"abdd4bf\" data-element_type=\"widget\" data-widget_type=\"button.default\">\n\t\t\t\t<div class=\"elementor-widget-container\">\n\t\t\t\t\t\t\t\t\t<div class=\"elementor-button-wrapper\">\n\t\t\t\t\t<a class=\"elementor-button elementor-button-link elementor-size-md\" href=\"https:\/\/arquidiocesedeteresina.org.br\/campanhas\/wp-content\/uploads\/2025\/07\/EDITAL-FAS-2025-CAMPANHA-DA-FRATERNIDADE.pdf\">\n\t\t\t\t\t\t<span class=\"elementor-button-content-wrapper\">\n\t\t\t\t\t\t\t\t\t<span class=\"elementor-button-text\">EDITAL 2025<\/span>\n\t\t\t\t\t<\/span>\n\t\t\t\t\t<\/a>\n\t\t\t\t<\/div>\n\t\t\t\t\t\t\t\t<\/div>\n\t\t\t\t<\/div>\n\t\t\t\t<div class=\"elementor-element elementor-element-58dce8b elementor-align-center elementor-widget elementor-widget-button\" data-id=\"58dce8b\" data-element_type=\"widget\" data-widget_type=\"button.default\">\n\t\t\t\t<div class=\"elementor-widget-container\">\n\t\t\t\t\t\t\t\t\t<div class=\"elementor-button-wrapper\">\n\t\t\t\t\t<a class=\"elementor-button elementor-button-link elementor-size-md\" href=\"https:\/\/arquidiocesedeteresina.org.br\/campanhas\/cadastro-fas\/\">\n\t\t\t\t\t\t<span class=\"elementor-button-content-wrapper\">\n\t\t\t\t\t\t\t\t\t<span class=\"elementor-button-text\">CADASTRE AQUI<\/span>\n\t\t\t\t\t<\/span>\n\t\t\t\t\t<\/a>\n\t\t\t\t<\/div>\n\t\t\t\t\t\t\t\t<\/div>\n\t\t\t\t<\/div>\n\t\t\t\t<div class=\"elementor-element elementor-element-af03462 elementor-widget-divider--view-line elementor-widget elementor-widget-divider\" data-id=\"af03462\" data-element_type=\"widget\" data-widget_type=\"divider.default\">\n\t\t\t\t<div class=\"elementor-widget-container\">\n\t\t\t\t\t\t\t<div class=\"elementor-divider\">\n\t\t\t<span class=\"elementor-divider-separator\">\n\t\t\t\t\t\t<\/span>\n\t\t<\/div>\n\t\t\t\t\t\t<\/div>\n\t\t\t\t<\/div>\n\t\t\t\t\t<\/div>\n\t\t\t\t<\/div>\n\t\t\t\t<div class=\"elementor-element elementor-element-9e2e6cf elementor-widget elementor-widget-text-editor\" data-id=\"9e2e6cf\" data-element_type=\"widget\" data-widget_type=\"text-editor.default\">\n\t\t\t\t<div class=\"elementor-widget-container\">\n\t\t\t\t\t\t\t\t\t<h3><strong>Campanha da Fraternidade 2025<\/strong><\/h3><p><b>Tema: Fraternidade e Ecologia Integral<br \/>Lema: \u201cDeus viu que tudo era muito bom\u201d (Gn\u202f1,31)<\/b><\/p><p>1. Objetivo &#8211; O Fundo Arquidiocesano de Solidariedade (FAS) apoia projetos sociais que promovam uma convers\u00e3o integral, em sintonia com o apelo da CF 2025, escutando o grito dos pobres e da terra .<\/p><p>2. P\u00fablico-alvo Poder\u00e3o se inscrever: Par\u00f3quias, pastorais, movimentos, comunidades e associa\u00e7\u00f5es com fins sociais, entidades sem fins lucrativos, confessionais ou n\u00e3o, vinculadas \u00e0 Arquidiocese de Teresina.<\/p><p>3. Per\u00edodo de inscri\u00e7\u00e3o: De 05 de julho a 05 de agosto de 2025.<\/p><p>4. Data \u00fanica de aprecia\u00e7\u00e3o: 16 de agosto de 2025, com divulga\u00e7\u00e3o dos projetos deferidos.<\/p><p>5. Crit\u00e9rios obrigat\u00f3rios:<\/p><p style=\"padding-left: 40px;\">5.1. O projeto deve estar totalmente vinculado ao tema da CF 2025: &#8220;Fraternidade e Ecologia Integral&#8221;.<\/p><p style=\"padding-left: 40px;\">5.2. Anexar carta de recomenda\u00e7\u00e3o do p\u00e1roco ou respons\u00e1vel pastoral.<\/p><p style=\"padding-left: 40px;\">5.3. Valor m\u00e1ximo por projeto: R$\u202f5.000,00.<\/p><p style=\"padding-left: 40px;\">5.4. Especificar n\u00famero de beneficiados, perfil e comunidade contemplada.<\/p><p style=\"padding-left: 40px;\">5.5. Demonstrar participa\u00e7\u00e3o coletiva e mecanismos de continuidade.<\/p><p style=\"padding-left: 40px;\">5.6. Presta\u00e7\u00e3o de contas: relat\u00f3rio de atividades + fotos + notas fiscais.<\/p><p style=\"padding-left: 40px;\">5.7. A institui\u00e7\u00e3o que estiver com presta\u00e7\u00e3o de contas atrasado n\u00e3o poder\u00e1 participar do edital.<\/p><p style=\"padding-left: 40px;\">5.8. Envio dos projetos: Via Sistema &#8211; FAS.<\/p><p>\u00a0<\/p><p><strong>Sele\u00e7\u00e3o e libera\u00e7\u00e3o<\/strong><\/p><p>An\u00e1lise em 16 de agosto pelo Conselho Gestor do FAS, seguida de parecer da equipe gestora do FAS.<\/p><p>Projetos deferidos recebem libera\u00e7\u00e3o dos recursos para execu\u00e7\u00e3o conforme\u00a0cronograma.<\/p><p>\u00a0<\/p><p style=\"text-align: center;\"><strong>CRONOGRAMA PARA INSCRI\u00c7\u00d5ES DE PROJETOS<\/strong><\/p><ul><li>03\/07\/2025 &#8211; <span style=\"color: #ff9900;\">LAN\u00c7AMENTO DO EDITAL<\/span><\/li><li>05\/07\/2025 a 05\/08\/2025 &#8211;<span style=\"color: #ff9900;\"> PERIODO DE INSCRI\u00c7\u00d5ES<\/span><\/li><\/ul>\t\t\t\t\t\t\t\t<\/div>\n\t\t\t\t<\/div>\n\t\t\t\t<\/div>\n\t\t\t\t<\/div>\n\t\t\t\t<\/div>\n\t\t","protected":false},"excerpt":{"rendered":"<p>FUNDO ARQUDIOCESANO DE SOLIDARIEDADE DA ARQUIDIOCESE DE TERESINA O Fundo Arquidiocesano de Solidariedade (FAS) \u00e9 o fundo criado a princ\u00edpio pela Confer\u00eancia Nacional dos Bispos do Brasil (CNBB), reunida em Itaici-SP, na 36\u00aa Assembleia Geral, em 1998. Ele tem por objetivo promover a sustenta\u00e7\u00e3o da a\u00e7\u00e3o s\u00f3cio caritativa da Igreja no Brasil, atrav\u00e9s do aux\u00edlio &hellip;<\/p>\n<p class=\"read-more\"> <a class=\"\" href=\"https:\/\/arquidiocesedeteresina.org.br\/campanhas\/fas\/\"> <span class=\"screen-reader-text\">FUNDO ARQUIDIOCESANO DE SOLIDARIEDADE<\/span> Leia mais &raquo;<\/a><\/p>\n","protected":false},"author":1,"featured_media":1545,"parent":0,"menu_order":0,"comment_status":"closed","ping_status":"closed","template":"","meta":{"site-sidebar-layout":"no-sidebar","site-content-layout":"page-builder","ast-site-content-layout":"full-width-container","site-content-style":"default","site-sidebar-style":"default","ast-global-header-display":"","ast-banner-title-visibility":"","ast-main-header-display":"","ast-hfb-above-header-display":"","ast-hfb-below-header-display":"","ast-hfb-mobile-header-display":"","site-post-title":"disabled","ast-breadcrumbs-content":"","ast-featured-img":"disabled","footer-sml-layout":"","theme-transparent-header-meta":"","adv-header-id-meta":"","stick-header-meta":"","header-above-stick-meta":"","header-main-stick-meta":"","header-below-stick-meta":"","astra-migrate-meta-layouts":"","ast-page-background-enabled":"default","ast-page-background-meta":{"desktop":{"background-color":"var(--ast-global-color-4)","background-image":"","background-repeat":"repeat","background-position":"center center","background-size":"auto","background-attachment":"scroll","background-type":"","background-media":"","overlay-type":"","overlay-color":"","overlay-gradient":""},"tablet":{"background-color":"","background-image":"","background-repeat":"repeat","background-position":"center center","background-size":"auto","background-attachment":"scroll","background-type":"","background-media":"","overlay-type":"","overlay-color":"","overlay-gradient":""},"mobile":{"background-color":"","background-image":"","background-repeat":"repeat","background-position":"center center","background-size":"auto","background-attachment":"scroll","background-type":"","background-media":"","overlay-type":"","overlay-color":"","overlay-gradient":""}},"ast-content-background-meta":{"desktop":{"background-color":"var(--ast-global-color-5)","background-image":"","background-repeat":"repeat","background-position":"center center","background-size":"auto","background-attachment":"scroll","background-type":"","background-media":"","overlay-type":"","overlay-color":"","overlay-gradient":""},"tablet":{"background-color":"var(--ast-global-color-5)","background-image":"","background-repeat":"repeat","background-position":"center center","background-size":"auto","background-attachment":"scroll","background-type":"","background-media":"","overlay-type":"","overlay-color":"","overlay-gradient":""},"mobile":{"background-color":"var(--ast-global-color-5)","background-image":"","background-repeat":"repeat","background-position":"center center","background-size":"auto","background-attachment":"scroll","background-type":"","background-media":"","overlay-type":"","overlay-color":"","overlay-gradient":""}},"footnotes":""},"class_list":["post-1450","page","type-page","status-publish","has-post-thumbnail","hentry"],"_links":{"self":[{"href":"https:\/\/arquidiocesedeteresina.org.br\/campanhas\/wp-json\/wp\/v2\/pages\/1450","targetHints":{"allow":["GET"]}}],"collection":[{"href":"https:\/\/arquidiocesedeteresina.org.br\/campanhas\/wp-json\/wp\/v2\/pages"}],"about":[{"href":"https:\/\/arquidiocesedeteresina.org.br\/campanhas\/wp-json\/wp\/v2\/types\/page"}],"author":[{"embeddable":true,"href":"https:\/\/arquidiocesedeteresina.org.br\/campanhas\/wp-json\/wp\/v2\/users\/1"}],"replies":[{"embeddable":true,"href":"https:\/\/arquidiocesedeteresina.org.br\/campanhas\/wp-json\/wp\/v2\/comments?post=1450"}],"version-history":[{"count":54,"href":"https:\/\/arquidiocesedeteresina.org.br\/campanhas\/wp-json\/wp\/v2\/pages\/1450\/revisions"}],"predecessor-version":[{"id":1589,"href":"https:\/\/arquidiocesedeteresina.org.br\/campanhas\/wp-json\/wp\/v2\/pages\/1450\/revisions\/1589"}],"wp:featuredmedia":[{"embeddable":true,"href":"https:\/\/arquidiocesedeteresina.org.br\/campanhas\/wp-json\/wp\/v2\/media\/1545"}],"wp:attachment":[{"href":"https:\/\/arquidiocesedeteresina.org.br\/campanhas\/wp-json\/wp\/v2\/media?parent=1450"}],"curies":[{"name":"wp","href":"https:\/\/api.w.org\/{rel}","templated":true}]}}